{"id":2892,"date":"2025-02-05T19:00:38","date_gmt":"2025-02-05T17:00:38","guid":{"rendered":"https:\/\/www.sacroqueta.com\/politica-de-cookies\/"},"modified":"2025-05-19T09:09:34","modified_gmt":"2025-05-19T07:09:34","slug":"politica-de-cookies","status":"publish","type":"page","link":"https:\/\/www.sacroqueta.com\/es\/politica-de-cookies\/","title":{"rendered":"Pol\u00edtica de cookies"},"content":{"rendered":"\t\t<div data-elementor-type=\"wp-page\" data-elementor-id=\"2892\" class=\"elementor elementor-2892 elementor-277\" data-elementor-post-type=\"page\">\n\t\t\t\t<div class=\"elementor-element elementor-element-f6fda95 e-flex e-con-boxed e-con e-parent\" data-id=\"f6fda95\" data-element_type=\"container\" data-e-type=\"container\" data-settings=\"{&quot;background_background&quot;:&quot;classic&quot;}\">\n\t\t\t\t\t<div class=\"e-con-inner\">\n\t\t\t\t\t<\/div>\n\t\t\t\t<\/div>\n\t\t<div class=\"elementor-element elementor-element-07282ec e-flex e-con-boxed e-con e-parent\" data-id=\"07282ec\" data-element_type=\"container\" data-e-type=\"container\">\n\t\t\t\t\t<div class=\"e-con-inner\">\n\t\t\t\t<div class=\"elementor-element elementor-element-c51e2aa elementor-widget elementor-widget-heading\" data-id=\"c51e2aa\" data-element_type=\"widget\" data-e-type=\"widget\" data-widget_type=\"heading.default\">\n\t\t\t\t<div class=\"elementor-widget-container\">\n\t\t\t\t\t<h2 class=\"elementor-heading-title elementor-size-default\">Pol\u00edtica de Cookies<\/h2>\t\t\t\t<\/div>\n\t\t\t\t<\/div>\n\t\t\t\t\t<\/div>\n\t\t\t\t<\/div>\n\t\t<div class=\"elementor-element elementor-element-203111c e-flex e-con-boxed e-con e-parent\" data-id=\"203111c\" data-element_type=\"container\" data-e-type=\"container\">\n\t\t\t\t\t<div class=\"e-con-inner\">\n\t\t\t\t<div class=\"elementor-element elementor-element-4cf2181 elementor-widget elementor-widget-text-editor\" data-id=\"4cf2181\" data-element_type=\"widget\" data-e-type=\"widget\" data-widget_type=\"text-editor.default\">\n\t\t\t\t<div class=\"elementor-widget-container\">\n\t\t\t\t\t\t\t\t\t<p><strong>1. DESCRIPCI\u00d3N DE LAS COOKIES<\/strong><\/p><p>Una \u201ccookie\u201d es un peque\u00f1o archivo de texto que un sitio web almacena en el navegador del usuario, facilitando la navegaci\u00f3n por una p\u00e1gina web y siendo esenciales para el funcionamiento de Internet.<\/p><p>Las cookies se utilizan, por ejemplo, para recordar las preferencias de los usuarios en la web: idioma, navegador utilizado; analizar los h\u00e1bitos y comportamientos del usuario para mejorar los servicios ofrecidos, o para adecuar los contenidos de una p\u00e1gina web a las preferencias del visitante.<\/p><p><strong>2. TIPOS DE COOKIES QUE UTILIZAMOS<\/strong><\/p><p>A continuaci\u00f3n, describimos los tipos de cookies que utilizamos y sus finalidades:<\/p><ul><li><strong>Cookies t\u00e9cnicas<\/strong>: Son aquellas necesarias para la navegaci\u00f3n y el buen funcionamiento de los servicios. Permiten, por ejemplo, controlar el tr\u00e1fico y la comunicaci\u00f3n de datos, acceder a partes de acceso restringido, realizar el proceso de compra, utilizar elementos de seguridad, almacenar contenidos para poder difundir v\u00eddeos o compartir contenidos a trav\u00e9s de redes sociales.<\/li><li><strong>Cookies anal\u00edticas<\/strong>: Son aquellas que, tratadas por nosotros o por terceros, nos permiten cuantificar el n\u00famero de usuarios y as\u00ed realizar la medici\u00f3n y an\u00e1lisis estad\u00edstico de la utilizaci\u00f3n que hacen los usuarios del servicio ofrecido. Para ello, se analiza su navegaci\u00f3n en nuestra p\u00e1gina web con el fin de mejorar la oferta de productos o servicios que ofrecemos.<\/li><\/ul><p><strong>3. COOKIES DE TERCEROS<\/strong><\/p><p>Las cookies de terceros nos permiten cuantificar el n\u00famero de usuarios y llevar a cabo la medici\u00f3n y an\u00e1lisis estad\u00edstico de la utilizaci\u00f3n que hacen del servicio ofrecido. Para ello, se analiza su navegaci\u00f3n en nuestro sitio web con el objetivo de mejorar la oferta de servicios que ofrecemos.<\/p><p>Puedes informarte sobre c\u00f3mo tratan la informaci\u00f3n los proveedores que cargan cookies en nuestro portal web visitando el siguiente enlace:<br \/><a href=\"https:\/\/policies.google.com\/technologies\/cookies?fg=1\" target=\"_blank\" rel=\"noopener nofollow\">https:\/\/policies.google.com\/technologies\/cookies?fg=1<\/a><\/p><p><strong>4. FORMAS DE BLOQUEAR Y LIMITAR EL USO DE COOKIES<\/strong><\/p><p>Es importante destacar que estas tecnolog\u00edas no son intrusivas, ya que toda la informaci\u00f3n obtenida a trav\u00e9s de las cookies es totalmente an\u00f3nima, y en ning\u00fan caso puede ser asociada a un usuario concreto e identificado. Esta informaci\u00f3n nos permite adaptar y mejorar los servicios a los intereses de los usuarios. No obstante, el usuario tiene la opci\u00f3n de impedir la generaci\u00f3n de cookies, mediante la selecci\u00f3n de la opci\u00f3n correspondiente en su navegador. Hay que tener en cuenta que, si se desactiva el uso de cookies, la navegaci\u00f3n puede ser m\u00e1s lenta de lo habitual.<\/p><p>Concretamente, todos los navegadores permiten realizar cambios que permiten desactivar la configuraci\u00f3n de las cookies. Estos ajustes se encuentran en las \u201copciones\u201d o \u201cpreferencias\u201d del men\u00fa del navegador.<\/p><p>A continuaci\u00f3n, te mostramos mediante enlaces c\u00f3mo desactivar las cookies siguiendo las instrucciones de los navegadores m\u00e1s utilizados:<\/p><ul><li>Edge: Eliminar cookies \u2013 <a href=\"https:\/\/support.microsoft.com\/es-es\/windows\/administrar-cookies-en-microsoft-edge-ver-permitir-bloquear-eliminar-y-usar-168dab11-0753-043d-7c16-ede5947fc64d\" target=\"_blank\" rel=\"noopener nofollow\">Soporte t\u00e9cnico de Microsoft<\/a><\/li><li>Mozilla Firefox: <a href=\"https:\/\/support.mozilla.org\/es\/kb\/cookies-informacion-que-los-sitios-web-guardan-en-?redirectlocale=en-us&amp;redirectslug=cookies\" target=\"_blank\" rel=\"noopener nofollow\">https:\/\/support.mozilla.org\/es\/kb\/cookies<\/a><\/li><li>Google Chrome: <a href=\"https:\/\/support.google.com\/chrome\/answer\/95647?hl=es\" target=\"_blank\" rel=\"noopener nofollow\">https:\/\/support.google.com\/chrome\/answer\/95647?hl=es<\/a><\/li><li>Safari: <a href=\"https:\/\/support.apple.com\/es-es\/guide\/safari\/sfri11471\/mac\" target=\"_blank\" rel=\"noopener nofollow\">https:\/\/support.apple.com\/es-es\/guide\/safari\/sfri11471\/mac<\/a><\/li><\/ul><p>Si deseas bloquear espec\u00edficamente las cookies anal\u00edticas de Google, puedes instalar un complemento en el navegador siguiendo las instrucciones indicadas en el siguiente enlace:<br \/><a href=\"https:\/\/tools.google.com\/dlpage\/gaoptout\" target=\"_blank\" rel=\"noopener nofollow\">https:\/\/tools.google.com\/dlpage\/gaoptout<\/a><\/p><p><strong>5. M\u00c1S INFORMACI\u00d3N<\/strong><\/p><p>Para obtener m\u00e1s informaci\u00f3n sobre el tratamiento de datos, te recomendamos visitar nuestra <a href=\"https:\/\/www.sacroqueta.com\/es\/politica-de-privacidad\/\" target=\"_blank\" rel=\"noopener\">pol\u00edtica de privacidad<\/a>. Adem\u00e1s, cualquier usuario que tenga alguna duda sobre estas tecnolog\u00edas puede enviarnos su consulta a la direcci\u00f3n de correo electr\u00f3nico: <span style=\"text-decoration: underline;\">info@sacroqueta.com<\/span><\/p>\t\t\t\t\t\t\t\t<\/div>\n\t\t\t\t<\/div>\n\t\t\t\t\t<\/div>\n\t\t\t\t<\/div>\n\t\t\t\t<\/div>\n\t\t","protected":false},"excerpt":{"rendered":"<p>Pol\u00edtica de Cookies 1. DESCRIPCI\u00d3N DE LAS COOKIES Una \u201ccookie\u201d es un peque\u00f1o archivo de texto que un sitio web almacena en el navegador del usuario, facilitando la navegaci\u00f3n por una p\u00e1gina web y siendo esenciales para el funcionamiento de Internet. Las cookies se utilizan, por ejemplo, para recordar las preferencias de los usuarios en [&hellip;]<\/p>\n","protected":false},"author":1,"featured_media":0,"parent":0,"menu_order":0,"comment_status":"closed","ping_status":"closed","template":"","meta":{"footnotes":""},"class_list":["post-2892","page","type-page","status-publish","hentry"],"_links":{"self":[{"href":"https:\/\/www.sacroqueta.com\/es\/wp-json\/wp\/v2\/pages\/2892","targetHints":{"allow":["GET"]}}],"collection":[{"href":"https:\/\/www.sacroqueta.com\/es\/wp-json\/wp\/v2\/pages"}],"about":[{"href":"https:\/\/www.sacroqueta.com\/es\/wp-json\/wp\/v2\/types\/page"}],"author":[{"embeddable":true,"href":"https:\/\/www.sacroqueta.com\/es\/wp-json\/wp\/v2\/users\/1"}],"replies":[{"embeddable":true,"href":"https:\/\/www.sacroqueta.com\/es\/wp-json\/wp\/v2\/comments?post=2892"}],"version-history":[{"count":3,"href":"https:\/\/www.sacroqueta.com\/es\/wp-json\/wp\/v2\/pages\/2892\/revisions"}],"predecessor-version":[{"id":3428,"href":"https:\/\/www.sacroqueta.com\/es\/wp-json\/wp\/v2\/pages\/2892\/revisions\/3428"}],"wp:attachment":[{"href":"https:\/\/www.sacroqueta.com\/es\/wp-json\/wp\/v2\/media?parent=2892"}],"curies":[{"name":"wp","href":"https:\/\/api.w.org\/{rel}","templated":true}]}}